{"id":725,"date":"2024-12-05T18:47:28","date_gmt":"2024-12-05T18:47:28","guid":{"rendered":"https:\/\/rambhamassages.es\/kontakt\/"},"modified":"2026-03-11T15:57:17","modified_gmt":"2026-03-11T15:57:17","slug":"kontakt","status":"publish","type":"page","link":"https:\/\/rambhamassages.es\/de\/kontakt\/","title":{"rendered":"Kontakt"},"content":{"rendered":"<section class=\"l-section wpb_row height_medium full_height valign_center color_secondary with_img with_shape\"><div class=\"l-section-img\" role=\"img\" aria-label=\"Bild\" data-img-width=\"1152\" data-img-height=\"896\" style=\"background-image: url(https:\/\/rambhamassages.es\/wp-content\/uploads\/2025\/10\/masajistas-eroticas.jpg);\"><\/div><div class=\"l-section-overlay\" style=\"background:rgba(0,0,0,0.6)\"><\/div><div class=\"l-section-shape type_tilt pos_bottom\" style=\"height:15vmin;\"><svg xmlns=\"http:\/\/www.w3.org\/2000\/svg\" viewBox=\"0 0 64 8\" preserveAspectRatio=\"none\" width=\"100%\" height=\"100%\">\r\n\t<path fill=\"currentColor\" d=\"M64 7.9 L64 10 L0 10 L0 0 Z\"\/>\r\n<\/svg><\/div><div class=\"l-section-h i-cf\"><div class=\"g-cols vc_row via_grid cols_1 laptops-cols_inherit tablets-cols_inherit mobiles-cols_1 valign_top type_default stacking_default\"><div class=\"wpb_column vc_column_container\"><div class=\"vc_column-inner\"><div class=\"w-separator size_custom\" style=\"height:10vh\"><\/div><h1 class=\"w-text us_custom_4edec70e has_text_color\"><span class=\"w-text-h\"><span class=\"w-text-value\">Kontaktieren Sie uns unter<\/span><\/span><\/h1><div class=\"w-separator size_small\"><\/div><div class=\"wpb_text_column us_custom_33b9ee00\"><div class=\"wpb_wrapper\"><p style=\"text-align: center;\">Wenn Sie Fragen haben oder eine Reservierung vornehmen m\u00f6chten, nehmen Sie bitte Kontakt mit uns auf und wir werden Ihnen gerne antworten.<\/p>\n<\/div><\/div><div class=\"w-separator size_custom\" style=\"height:10vh\"><\/div><div class=\"w-iconbox us_custom_99682d72 iconpos_top style_default color_custom align_center no_text no_title\"><a href=\"#contacto\" class=\"w-iconbox-link\" aria-label=\"fas|chevron-down\"><div class=\"w-iconbox-icon\" style=\"font-size:4rem;\"><i class=\"fas fa-chevron-down\"><\/i><\/div><\/a><div class=\"w-iconbox-meta\"><\/div><\/div><\/div><\/div><\/div><\/div><\/section><section class=\"l-section wpb_row height_medium\" id=\"contacto\"><div class=\"l-section-h i-cf\"><div class=\"g-cols vc_row via_grid cols_1 laptops-cols_inherit tablets-cols_inherit mobiles-cols_1 valign_top type_default stacking_default\" style=\"--columns-gap:0rem;\"><div class=\"wpb_column vc_column_container\"><div class=\"vc_column-inner\"><div class=\"g-cols wpb_row via_grid cols_2 laptops-cols_inherit tablets-cols_1 mobiles-cols_1 valign_middle type_default stacking_default\" style=\"--columns-gap:3rem;\"><div class=\"wpb_column vc_column_container\"><div class=\"vc_column-inner\"><div class=\"w-iconbox us_custom_6df4bc3a has_text_color iconpos_left style_default color_primary align_left no_text\"><div class=\"w-iconbox-icon\" style=\"font-size:50px;\"><i class=\"fas fa-heart\"><\/i><\/div><div class=\"w-iconbox-meta\"><div class=\"w-iconbox-title\" style=\"font-size:26px;\">&lt;strong&gt;Einzigartige Erlebnisse&lt;\/strong&gt;<\/div><\/div><\/div><div class=\"w-separator size_large\"><\/div><div class=\"w-iconbox us_custom_6df4bc3a has_text_color iconpos_left style_default color_primary align_left no_text\"><div class=\"w-iconbox-icon\" style=\"font-size:50px;\"><i class=\"fas fa-check\"><\/i><\/div><div class=\"w-iconbox-meta\"><div class=\"w-iconbox-title\" style=\"font-size:26px;\">&lt;strong&gt;Diskretion und Privatsph\u00e4re&lt;\/strong&gt;<\/div><\/div><\/div><div class=\"w-separator size_large\"><\/div><div class=\"w-iconbox us_custom_6df4bc3a has_text_color iconpos_left style_default color_primary align_left no_text\"><div class=\"w-iconbox-icon\" style=\"font-size:50px;\"><i class=\"fas fa-lock\"><\/i><\/div><div class=\"w-iconbox-meta\"><div class=\"w-iconbox-title\" style=\"font-size:26px;\">&lt;strong&gt;100% sichere Umgebung&lt;\/strong&gt;<\/div><\/div><\/div><\/div><\/div><div class=\"wpb_column vc_column_container\"><div class=\"vc_column-inner\"><div class=\"w-image has_ratio align_none\"><div class=\"w-image-h\"><div style=\"padding-bottom:100%\"><\/div><img decoding=\"async\" width=\"1152\" height=\"896\" src=\"https:\/\/rambhamassages.es\/wp-content\/uploads\/2025\/10\/masajista-tantra.jpg\" class=\"attachment-full size-full\" alt=\"\" loading=\"lazy\" \/><\/div><\/div><\/div><\/div><\/div><\/div><\/div><\/div><\/div><\/section>\n","protected":false},"excerpt":{"rendered":"Kontaktieren Sie uns unterWenn Sie Fragen haben oder eine Reservierung vornehmen m\u00f6chten, nehmen Sie bitte Kontakt mit uns auf und wir werden Ihnen gerne antworten. &lt;strong&gt;Einzigartige Erlebnisse&lt;\/strong&gt;&lt;strong&gt;Diskretion und Privatsph\u00e4re&lt;\/strong&gt;&lt;strong&gt;100% sichere Umgebung&lt;\/strong&gt;","protected":false},"author":1,"featured_media":0,"parent":0,"menu_order":0,"comment_status":"closed","ping_status":"closed","template":"","meta":{"footnotes":""},"class_list":["post-725","page","type-page","status-publish","hentry"],"yoast_head":"<!-- This site is optimized with the Yoast SEO plugin v27.0 - https:\/\/yoast.com\/product\/yoast-seo-wordpress\/ -->\n<title>Wenn Sie eine Reservierung vornehmen m\u00f6chten oder Fragen haben, kontaktieren Sie uns bitte.<\/title>\n<meta name=\"description\" content=\"Willkommen in unserem Kontaktbereich. Hier k\u00f6nnen Sie uns schreiben, um Fragen zu stellen oder Ihre Reservierung vorzunehmen. Wenn Sie es vorziehen, k\u00f6nnen Sie uns auch anrufen.\" \/>\n<meta name=\"robots\" content=\"index, follow, max-snippet:-1, max-image-preview:large, max-video-preview:-1\" \/>\n<link rel=\"canonical\" href=\"https:\/\/rambhamassages.es\/de\/kontakt\/\" \/>\n<meta property=\"og:locale\" content=\"de_DE\" \/>\n<meta property=\"og:type\" content=\"article\" \/>\n<meta property=\"og:title\" content=\"Wenn Sie eine Reservierung vornehmen m\u00f6chten oder Fragen haben, kontaktieren Sie uns bitte.\" \/>\n<meta property=\"og:description\" content=\"Willkommen in unserem Kontaktbereich. Hier k\u00f6nnen Sie uns schreiben, um Fragen zu stellen oder Ihre Reservierung vorzunehmen. Wenn Sie es vorziehen, k\u00f6nnen Sie uns auch anrufen.\" \/>\n<meta property=\"og:url\" content=\"https:\/\/rambhamassages.es\/de\/kontakt\/\" \/>\n<meta property=\"og:site_name\" content=\"Rambha Barcelona\" \/>\n<meta property=\"article:modified_time\" content=\"2026-03-11T15:57:17+00:00\" \/>\n<meta property=\"og:image\" content=\"https:\/\/rambhamassages.es\/wp-content\/uploads\/2025\/10\/freepik__chica-muy-guapa-en-ciudad__72710.jpeg\" \/>\n\t<meta property=\"og:image:width\" content=\"1216\" \/>\n\t<meta property=\"og:image:height\" content=\"832\" \/>\n\t<meta property=\"og:image:type\" content=\"image\/jpeg\" \/>\n<meta name=\"twitter:card\" content=\"summary_large_image\" \/>\n<meta name=\"twitter:label1\" content=\"Gesch\u00e4tzte Lesezeit\" \/>\n\t<meta name=\"twitter:data1\" content=\"2\u00a0Minuten\" \/>\n<script type=\"application\/ld+json\" class=\"yoast-schema-graph\">{\"@context\":\"https:\/\/schema.org\",\"@graph\":[{\"@type\":\"WebPage\",\"@id\":\"https:\/\/rambhamassages.es\/de\/kontakt\/\",\"url\":\"https:\/\/rambhamassages.es\/de\/kontakt\/\",\"name\":\"Wenn Sie eine Reservierung vornehmen m\u00f6chten oder Fragen haben, kontaktieren Sie uns bitte.\",\"isPartOf\":{\"@id\":\"https:\/\/rambhamassages.es\/de\/#website\"},\"datePublished\":\"2024-12-05T18:47:28+00:00\",\"dateModified\":\"2026-03-11T15:57:17+00:00\",\"description\":\"Willkommen in unserem Kontaktbereich. Hier k\u00f6nnen Sie uns schreiben, um Fragen zu stellen oder Ihre Reservierung vorzunehmen. Wenn Sie es vorziehen, k\u00f6nnen Sie uns auch anrufen.\",\"breadcrumb\":{\"@id\":\"https:\/\/rambhamassages.es\/de\/kontakt\/#breadcrumb\"},\"inLanguage\":\"de\",\"potentialAction\":[{\"@type\":\"ReadAction\",\"target\":[\"https:\/\/rambhamassages.es\/de\/kontakt\/\"]}]},{\"@type\":\"BreadcrumbList\",\"@id\":\"https:\/\/rambhamassages.es\/de\/kontakt\/#breadcrumb\",\"itemListElement\":[{\"@type\":\"ListItem\",\"position\":1,\"name\":\"Portada\",\"item\":\"https:\/\/rambhamassages.es\/de\/\"},{\"@type\":\"ListItem\",\"position\":2,\"name\":\"Kontakt\"}]},{\"@type\":\"WebSite\",\"@id\":\"https:\/\/rambhamassages.es\/de\/#website\",\"url\":\"https:\/\/rambhamassages.es\/de\/\",\"name\":\"Escorts Barcelona\",\"description\":\"Casa de citas Barcelona\",\"publisher\":{\"@id\":\"https:\/\/rambhamassages.es\/de\/#organization\"},\"alternateName\":\"Escorts de lujo Barcelona\",\"potentialAction\":[{\"@type\":\"SearchAction\",\"target\":{\"@type\":\"EntryPoint\",\"urlTemplate\":\"https:\/\/rambhamassages.es\/de\/?s={search_term_string}\"},\"query-input\":{\"@type\":\"PropertyValueSpecification\",\"valueRequired\":true,\"valueName\":\"search_term_string\"}}],\"inLanguage\":\"de\"},{\"@type\":\"Organization\",\"@id\":\"https:\/\/rambhamassages.es\/de\/#organization\",\"name\":\"Escorts Barcelona\",\"alternateName\":\"Agencia de escorts Barcelona\",\"url\":\"https:\/\/rambhamassages.es\/de\/\",\"logo\":{\"@type\":\"ImageObject\",\"inLanguage\":\"de\",\"@id\":\"https:\/\/rambhamassages.es\/de\/#\/schema\/logo\/image\/\",\"url\":\"https:\/\/rambhamassages.es\/wp-content\/uploads\/2025\/09\/Logotipo-AEB-1.png\",\"contentUrl\":\"https:\/\/rambhamassages.es\/wp-content\/uploads\/2025\/09\/Logotipo-AEB-1.png\",\"width\":758,\"height\":758,\"caption\":\"Escorts Barcelona\"},\"image\":{\"@id\":\"https:\/\/rambhamassages.es\/de\/#\/schema\/logo\/image\/\"}}]}<\/script>\n<!-- \/ Yoast SEO plugin. -->","yoast_head_json":{"title":"Wenn Sie eine Reservierung vornehmen m\u00f6chten oder Fragen haben, kontaktieren Sie uns bitte.","description":"Willkommen in unserem Kontaktbereich. Hier k\u00f6nnen Sie uns schreiben, um Fragen zu stellen oder Ihre Reservierung vorzunehmen. Wenn Sie es vorziehen, k\u00f6nnen Sie uns auch anrufen.","robots":{"index":"index","follow":"follow","max-snippet":"max-snippet:-1","max-image-preview":"max-image-preview:large","max-video-preview":"max-video-preview:-1"},"canonical":"https:\/\/rambhamassages.es\/de\/kontakt\/","og_locale":"de_DE","og_type":"article","og_title":"Wenn Sie eine Reservierung vornehmen m\u00f6chten oder Fragen haben, kontaktieren Sie uns bitte.","og_description":"Willkommen in unserem Kontaktbereich. Hier k\u00f6nnen Sie uns schreiben, um Fragen zu stellen oder Ihre Reservierung vorzunehmen. Wenn Sie es vorziehen, k\u00f6nnen Sie uns auch anrufen.","og_url":"https:\/\/rambhamassages.es\/de\/kontakt\/","og_site_name":"Rambha Barcelona","article_modified_time":"2026-03-11T15:57:17+00:00","og_image":[{"width":1216,"height":832,"url":"https:\/\/rambhamassages.es\/wp-content\/uploads\/2025\/10\/freepik__chica-muy-guapa-en-ciudad__72710.jpeg","type":"image\/jpeg"}],"twitter_card":"summary_large_image","twitter_misc":{"Gesch\u00e4tzte Lesezeit":"2\u00a0Minuten"},"schema":{"@context":"https:\/\/schema.org","@graph":[{"@type":"WebPage","@id":"https:\/\/rambhamassages.es\/de\/kontakt\/","url":"https:\/\/rambhamassages.es\/de\/kontakt\/","name":"Wenn Sie eine Reservierung vornehmen m\u00f6chten oder Fragen haben, kontaktieren Sie uns bitte.","isPartOf":{"@id":"https:\/\/rambhamassages.es\/de\/#website"},"datePublished":"2024-12-05T18:47:28+00:00","dateModified":"2026-03-11T15:57:17+00:00","description":"Willkommen in unserem Kontaktbereich. Hier k\u00f6nnen Sie uns schreiben, um Fragen zu stellen oder Ihre Reservierung vorzunehmen. Wenn Sie es vorziehen, k\u00f6nnen Sie uns auch anrufen.","breadcrumb":{"@id":"https:\/\/rambhamassages.es\/de\/kontakt\/#breadcrumb"},"inLanguage":"de","potentialAction":[{"@type":"ReadAction","target":["https:\/\/rambhamassages.es\/de\/kontakt\/"]}]},{"@type":"BreadcrumbList","@id":"https:\/\/rambhamassages.es\/de\/kontakt\/#breadcrumb","itemListElement":[{"@type":"ListItem","position":1,"name":"Portada","item":"https:\/\/rambhamassages.es\/de\/"},{"@type":"ListItem","position":2,"name":"Kontakt"}]},{"@type":"WebSite","@id":"https:\/\/rambhamassages.es\/de\/#website","url":"https:\/\/rambhamassages.es\/de\/","name":"Escorts Barcelona","description":"Casa de citas Barcelona","publisher":{"@id":"https:\/\/rambhamassages.es\/de\/#organization"},"alternateName":"Escorts de lujo Barcelona","potentialAction":[{"@type":"SearchAction","target":{"@type":"EntryPoint","urlTemplate":"https:\/\/rambhamassages.es\/de\/?s={search_term_string}"},"query-input":{"@type":"PropertyValueSpecification","valueRequired":true,"valueName":"search_term_string"}}],"inLanguage":"de"},{"@type":"Organization","@id":"https:\/\/rambhamassages.es\/de\/#organization","name":"Escorts Barcelona","alternateName":"Agencia de escorts Barcelona","url":"https:\/\/rambhamassages.es\/de\/","logo":{"@type":"ImageObject","inLanguage":"de","@id":"https:\/\/rambhamassages.es\/de\/#\/schema\/logo\/image\/","url":"https:\/\/rambhamassages.es\/wp-content\/uploads\/2025\/09\/Logotipo-AEB-1.png","contentUrl":"https:\/\/rambhamassages.es\/wp-content\/uploads\/2025\/09\/Logotipo-AEB-1.png","width":758,"height":758,"caption":"Escorts Barcelona"},"image":{"@id":"https:\/\/rambhamassages.es\/de\/#\/schema\/logo\/image\/"}}]}},"_links":{"self":[{"href":"https:\/\/rambhamassages.es\/de\/wp-json\/wp\/v2\/pages\/725","targetHints":{"allow":["GET"]}}],"collection":[{"href":"https:\/\/rambhamassages.es\/de\/wp-json\/wp\/v2\/pages"}],"about":[{"href":"https:\/\/rambhamassages.es\/de\/wp-json\/wp\/v2\/types\/page"}],"author":[{"embeddable":true,"href":"https:\/\/rambhamassages.es\/de\/wp-json\/wp\/v2\/users\/1"}],"replies":[{"embeddable":true,"href":"https:\/\/rambhamassages.es\/de\/wp-json\/wp\/v2\/comments?post=725"}],"version-history":[{"count":14,"href":"https:\/\/rambhamassages.es\/de\/wp-json\/wp\/v2\/pages\/725\/revisions"}],"predecessor-version":[{"id":57681,"href":"https:\/\/rambhamassages.es\/de\/wp-json\/wp\/v2\/pages\/725\/revisions\/57681"}],"wp:attachment":[{"href":"https:\/\/rambhamassages.es\/de\/wp-json\/wp\/v2\/media?parent=725"}],"curies":[{"name":"wp","href":"https:\/\/api.w.org\/{rel}","templated":true}]}}